{"id":157,"date":"2015-08-11T14:26:21","date_gmt":"2015-08-11T14:26:21","guid":{"rendered":"http:\/\/jarpas.se\/?page_id=157"},"modified":"2015-08-11T14:31:10","modified_gmt":"2015-08-11T14:31:10","slug":"new-users","status":"publish","type":"page","link":"https:\/\/jarpas.se\/?page_id=157","title":{"rendered":"Ny anv\u00e4ndare"},"content":{"rendered":"\n<form method=\"post\" action=\"https:\/\/jarpas.se\/wp-login.php\" class=\"bbp-login-form\">\n\t<fieldset class=\"bbp-form\">\n\t\t<legend>Skapa ett konto<\/legend>\n\n\t\t\n\t\t<div class=\"bbp-template-notice\">\n\t\t\t<ul>\n\t\t\t\t<li>Ditt anv\u00e4ndarnamn m\u00e5ste vara unikt och kan inte \u00e4ndras i efterhand.<\/li>\n\t\t\t\t<li>Vi anv\u00e4nder din e-postadress till att skicka dig ett s\u00e4kert l\u00f6senord och bekr\u00e4fta ditt konto.<\/li>\n\t\t\t<\/ul>\n\t\t<\/div>\n\n\t\t<div class=\"bbp-username\">\n\t\t\t<label for=\"user_login\">Anv\u00e4ndarnamn: <\/label>\n\t\t\t<input type=\"text\" name=\"user_login\" value=\"\" size=\"20\" id=\"user_login\" maxlength=\"100\" autocomplete=\"off\" \/>\n\t\t<\/div>\n\n\t\t<div class=\"bbp-email\">\n\t\t\t<label for=\"user_email\">E-post: <\/label>\n\t\t\t<input type=\"text\" name=\"user_email\" value=\"\" size=\"20\" id=\"user_email\" maxlength=\"100\" autocomplete=\"off\" \/>\n\t\t<\/div>\n\n\t\t\n\t\t<div class=\"bbp-submit-wrapper\">\n\n\t\t\t<button type=\"submit\" name=\"user-submit\" class=\"button submit user-submit\">Registrera<\/button>\n\n\t\t\t\n\t<input type=\"hidden\" name=\"action\"      value=\"register\" \/>\n\t<input type=\"hidden\" name=\"user-cookie\" value=\"1\" \/>\n\n\t<input type=\"hidden\" id=\"bbp_redirect_to\" name=\"redirect_to\" value=\"?checkemail=registered\" \/><input type=\"hidden\" id=\"_wpnonce\" name=\"_wpnonce\" value=\"cc17196365\" \/><input type=\"hidden\" name=\"_wp_http_referer\" value=\"\/index.php?rest_route=%2Fwp%2Fv2%2Fpages%2F157\" \/>\n\t\t<\/div>\n\n\t\t\n\t<\/fieldset>\n<\/form>\n\n","protected":false},"excerpt":{"rendered":"","protected":false},"author":2,"featured_media":0,"parent":0,"menu_order":0,"comment_status":"closed","ping_status":"open","template":"","meta":{"_bbp_topic_count":0,"_bbp_reply_count":0,"_bbp_total_topic_count":0,"_bbp_total_reply_count":0,"_bbp_voice_count":0,"_bbp_anonymous_reply_count":0,"_bbp_topic_count_hidden":0,"_bbp_reply_count_hidden":0,"_bbp_forum_subforum_count":0,"footnotes":"","_links_to":"","_links_to_target":""},"class_list":["post-157","page","type-page","status-publish","hentry"],"_links":{"self":[{"href":"https:\/\/jarpas.se\/index.php?rest_route=\/wp\/v2\/pages\/157","targetHints":{"allow":["GET"]}}],"collection":[{"href":"https:\/\/jarpas.se\/index.php?rest_route=\/wp\/v2\/pages"}],"about":[{"href":"https:\/\/jarpas.se\/index.php?rest_route=\/wp\/v2\/types\/page"}],"author":[{"embeddable":true,"href":"https:\/\/jarpas.se\/index.php?rest_route=\/wp\/v2\/users\/2"}],"replies":[{"embeddable":true,"href":"https:\/\/jarpas.se\/index.php?rest_route=%2Fwp%2Fv2%2Fcomments&post=157"}],"version-history":[{"count":2,"href":"https:\/\/jarpas.se\/index.php?rest_route=\/wp\/v2\/pages\/157\/revisions"}],"predecessor-version":[{"id":161,"href":"https:\/\/jarpas.se\/index.php?rest_route=\/wp\/v2\/pages\/157\/revisions\/161"}],"wp:attachment":[{"href":"https:\/\/jarpas.se\/index.php?rest_route=%2Fwp%2Fv2%2Fmedia&parent=157"}],"curies":[{"name":"wp","href":"https:\/\/api.w.org\/{rel}","templated":true}]}}