{"id":129,"date":"2015-08-11T09:34:36","date_gmt":"2015-08-11T09:34:36","guid":{"rendered":"http:\/\/jarpas.se\/?page_id=129"},"modified":"2021-01-04T10:12:44","modified_gmt":"2021-01-04T10:12:44","slug":"valkommen-2","status":"publish","type":"page","link":"https:\/\/jarpas.se\/","title":{"rendered":"V\u00e4lkommen"},"content":{"rendered":"<p>Hej och v\u00e4lkommen till J\u00e4rp\u00e5s hemsida!<\/p>\n<p>Hemsidan \u00e4r under arbete, men vi jobbar p\u00e5 att l\u00e4gga in information s\u00e5 snart vi kan.<\/p>\n<p>L\u00e4s mer om J\u00e4rp\u00e5sr\u00e5det p\u00e5 kommunens webbplats <a href=\"http:\/\/www.lidkoping.se\/jarpasradet\" target=\"_blank\" rel=\"noopener\">www.lidkoping.se\/jarpasradet<\/a><\/p>\n<p>Hej nu finns det mer Info om fiber inkoppling till J\u00e4rp\u00e5s t\u00e4tort.<br \/><a href=\"https:\/\/www.openbit.se\">https:\/\/www.openbit.se<\/a><\/p>\n<p>[metaslider id=143]<\/p>\n<p>\u00a0<\/p>\n\n\n<p><\/p>\n","protected":false},"excerpt":{"rendered":"<p>Hej och v\u00e4lkommen till J\u00e4rp\u00e5s hemsida! Hemsidan \u00e4r under arbete, men vi jobbar p\u00e5 att l\u00e4gga in information s\u00e5 snart vi kan. L\u00e4s mer om J\u00e4rp\u00e5sr\u00e5det p\u00e5 kommunens webbplats www.lidkoping.se\/jarpasradet Hej nu finns det mer Info om fiber inkoppling till J\u00e4rp\u00e5s t\u00e4tort.https:\/\/www.openbit.se [metaslider id=143] \u00a0<\/p>\n","protected":false},"author":2,"featured_media":0,"parent":0,"menu_order":0,"comment_status":"closed","ping_status":"open","template":"","meta":{"_bbp_topic_count":0,"_bbp_reply_count":0,"_bbp_total_topic_count":0,"_bbp_total_reply_count":0,"_bbp_voice_count":0,"_bbp_anonymous_reply_count":0,"_bbp_topic_count_hidden":0,"_bbp_reply_count_hidden":0,"_bbp_forum_subforum_count":0,"footnotes":"","_links_to":"","_links_to_target":""},"class_list":["post-129","page","type-page","status-publish","hentry"],"_links":{"self":[{"href":"https:\/\/jarpas.se\/index.php?rest_route=\/wp\/v2\/pages\/129","targetHints":{"allow":["GET"]}}],"collection":[{"href":"https:\/\/jarpas.se\/index.php?rest_route=\/wp\/v2\/pages"}],"about":[{"href":"https:\/\/jarpas.se\/index.php?rest_route=\/wp\/v2\/types\/page"}],"author":[{"embeddable":true,"href":"https:\/\/jarpas.se\/index.php?rest_route=\/wp\/v2\/users\/2"}],"replies":[{"embeddable":true,"href":"https:\/\/jarpas.se\/index.php?rest_route=%2Fwp%2Fv2%2Fcomments&post=129"}],"version-history":[{"count":15,"href":"https:\/\/jarpas.se\/index.php?rest_route=\/wp\/v2\/pages\/129\/revisions"}],"predecessor-version":[{"id":48698,"href":"https:\/\/jarpas.se\/index.php?rest_route=\/wp\/v2\/pages\/129\/revisions\/48698"}],"wp:attachment":[{"href":"https:\/\/jarpas.se\/index.php?rest_route=%2Fwp%2Fv2%2Fmedia&parent=129"}],"curies":[{"name":"wp","href":"https:\/\/api.w.org\/{rel}","templated":true}]}}