{"id":183,"date":"2015-08-12T07:35:45","date_gmt":"2015-08-12T07:35:45","guid":{"rendered":"http:\/\/jarpas.se\/?page_id=183"},"modified":"2021-01-04T09:38:43","modified_gmt":"2021-01-04T09:38:43","slug":"tradgardsforeningen","status":"publish","type":"page","link":"http:\/\/jarpas.se\/?page_id=183","title":{"rendered":"Tr\u00e4dg\u00e5rdsf\u00f6reningen"},"content":{"rendered":"<p><a href=\"https:\/\/www.facebook.com\/J%C3%A4rp%C3%A5s-Tr%C3%A4dg%C3%A5rdsf%C3%B6rening-105523281225554\/\">J\u00e4rp\u00e5s Tr\u00e4dg\u00e5rdsf\u00f6rening finns p\u00e5 facebook<\/a><\/p>\n<p>de har \u00e4ven lite om dem p\u00e5 webben se <a href=\"https:\/\/www.tradgardssverige.org\/foreningar\/jarpas-tradgardsforening\/\">https:\/\/www.tradgardssverige.org\/foreningar\/jarpas-tradgardsforening\/<\/a><\/p>\n\n\n<p><\/p>\n","protected":false},"excerpt":{"rendered":"<p>J\u00e4rp\u00e5s Tr\u00e4dg\u00e5rdsf\u00f6rening finns p\u00e5 facebook de har \u00e4ven lite om dem p\u00e5 webben se https:\/\/www.tradgardssverige.org\/foreningar\/jarpas-tradgardsforening\/<\/p>\n","protected":false},"author":2,"featured_media":0,"parent":0,"menu_order":0,"comment_status":"closed","ping_status":"open","template":"","meta":{"_bbp_topic_count":0,"_bbp_reply_count":0,"_bbp_total_topic_count":0,"_bbp_total_reply_count":0,"_bbp_voice_count":0,"_bbp_anonymous_reply_count":0,"_bbp_topic_count_hidden":0,"_bbp_reply_count_hidden":0,"_bbp_forum_subforum_count":0,"footnotes":"","_links_to":"","_links_to_target":""},"class_list":["post-183","page","type-page","status-publish","hentry"],"_links":{"self":[{"href":"http:\/\/jarpas.se\/index.php?rest_route=\/wp\/v2\/pages\/183","targetHints":{"allow":["GET"]}}],"collection":[{"href":"http:\/\/jarpas.se\/index.php?rest_route=\/wp\/v2\/pages"}],"about":[{"href":"http:\/\/jarpas.se\/index.php?rest_route=\/wp\/v2\/types\/page"}],"author":[{"embeddable":true,"href":"http:\/\/jarpas.se\/index.php?rest_route=\/wp\/v2\/users\/2"}],"replies":[{"embeddable":true,"href":"http:\/\/jarpas.se\/index.php?rest_route=%2Fwp%2Fv2%2Fcomments&post=183"}],"version-history":[{"count":3,"href":"http:\/\/jarpas.se\/index.php?rest_route=\/wp\/v2\/pages\/183\/revisions"}],"predecessor-version":[{"id":48692,"href":"http:\/\/jarpas.se\/index.php?rest_route=\/wp\/v2\/pages\/183\/revisions\/48692"}],"wp:attachment":[{"href":"http:\/\/jarpas.se\/index.php?rest_route=%2Fwp%2Fv2%2Fmedia&parent=183"}],"curies":[{"name":"wp","href":"https:\/\/api.w.org\/{rel}","templated":true}]}}