{"id":176,"date":"2015-08-12T07:30:52","date_gmt":"2015-08-12T07:30:52","guid":{"rendered":"http:\/\/jarpas.se\/?page_id=176"},"modified":"2016-03-11T11:15:36","modified_gmt":"2016-03-11T11:15:36","slug":"hembygdsforeningen","status":"publish","type":"page","link":"http:\/\/jarpas.se\/?page_id=176","title":{"rendered":"Hembygdsf\u00f6reningen"},"content":{"rendered":"<p>H\u00e4r kommer mer info om Hembygdsf\u00f6reningen men s\u00e5 l\u00e4nge kan ni klicka p\u00e5 <a href=\"http:\/\/www.hembygd.se\/jarpas\" target=\"_blank\">J\u00e4rp\u00e5s Hembygdsf\u00f6rening<\/a>.<\/p>\n<p>&nbsp;<\/p>\n","protected":false},"excerpt":{"rendered":"<p>H\u00e4r kommer mer info om Hembygdsf\u00f6reningen men s\u00e5 l\u00e4nge kan ni klicka p\u00e5 J\u00e4rp\u00e5s Hembygdsf\u00f6rening. &nbsp;<\/p>\n","protected":false},"author":2,"featured_media":0,"parent":0,"menu_order":0,"comment_status":"closed","ping_status":"open","template":"","meta":{"_bbp_topic_count":0,"_bbp_reply_count":0,"_bbp_total_topic_count":0,"_bbp_total_reply_count":0,"_bbp_voice_count":0,"_bbp_anonymous_reply_count":0,"_bbp_topic_count_hidden":0,"_bbp_reply_count_hidden":0,"_bbp_forum_subforum_count":0,"footnotes":"","_links_to":"","_links_to_target":""},"class_list":["post-176","page","type-page","status-publish","hentry"],"_links":{"self":[{"href":"http:\/\/jarpas.se\/index.php?rest_route=\/wp\/v2\/pages\/176","targetHints":{"allow":["GET"]}}],"collection":[{"href":"http:\/\/jarpas.se\/index.php?rest_route=\/wp\/v2\/pages"}],"about":[{"href":"http:\/\/jarpas.se\/index.php?rest_route=\/wp\/v2\/types\/page"}],"author":[{"embeddable":true,"href":"http:\/\/jarpas.se\/index.php?rest_route=\/wp\/v2\/users\/2"}],"replies":[{"embeddable":true,"href":"http:\/\/jarpas.se\/index.php?rest_route=%2Fwp%2Fv2%2Fcomments&post=176"}],"version-history":[{"count":4,"href":"http:\/\/jarpas.se\/index.php?rest_route=\/wp\/v2\/pages\/176\/revisions"}],"predecessor-version":[{"id":201,"href":"http:\/\/jarpas.se\/index.php?rest_route=\/wp\/v2\/pages\/176\/revisions\/201"}],"wp:attachment":[{"href":"http:\/\/jarpas.se\/index.php?rest_route=%2Fwp%2Fv2%2Fmedia&parent=176"}],"curies":[{"name":"wp","href":"https:\/\/api.w.org\/{rel}","templated":true}]}}