{"id":159,"date":"2015-08-11T14:26:36","date_gmt":"2015-08-11T14:26:36","guid":{"rendered":"http:\/\/jarpas.se\/?page_id=159"},"modified":"2015-08-11T14:31:42","modified_gmt":"2015-08-11T14:31:42","slug":"lost-password","status":"publish","type":"page","link":"http:\/\/jarpas.se\/?page_id=159","title":{"rendered":"F\u00f6rlorat l\u00f6senordet?"},"content":{"rendered":"\n<form method=\"post\" action=\"http:\/\/jarpas.se\/wp-login.php?action=lostpassword\" class=\"bbp-login-form\">\n\t<fieldset class=\"bbp-form\">\n\t\t<legend>Gl\u00f6mt l\u00f6senord<\/legend>\n\n\t\t<div class=\"bbp-username\">\n\t\t\t<p>\n\t\t\t\t<label for=\"user_login\" class=\"hide\">Anv\u00e4ndarnamn eller e-post: <\/label>\n\t\t\t\t<input type=\"text\" name=\"user_login\" value=\"\" size=\"20\" id=\"user_login\" maxlength=\"100\" autocomplete=\"off\" \/>\n\t\t\t<\/p>\n\t\t<\/div>\n\n\t\t\n\t\t<div class=\"bbp-submit-wrapper\">\n\n\t\t\t<button type=\"submit\" name=\"user-submit\" class=\"button submit user-submit\">\u00c5terst\u00e4ll mitt l\u00f6senord<\/button>\n\n\t\t\t\n\t<input type=\"hidden\" name=\"user-cookie\" value=\"1\" \/>\n\n\t<input type=\"hidden\" id=\"bbp_redirect_to\" name=\"redirect_to\" value=\"http:\/\/jarpas.se\/?page_id=159&#038;checkemail=confirm\" \/><input type=\"hidden\" id=\"_wpnonce\" name=\"_wpnonce\" value=\"b10231de31\" \/><input type=\"hidden\" name=\"_wp_http_referer\" value=\"\/index.php?rest_route=%2Fwp%2Fv2%2Fpages%2F159\" \/>\n\t\t<\/div>\n\t<\/fieldset>\n<\/form>\n\n","protected":false},"excerpt":{"rendered":"","protected":false},"author":2,"featured_media":0,"parent":0,"menu_order":0,"comment_status":"closed","ping_status":"open","template":"","meta":{"_bbp_topic_count":0,"_bbp_reply_count":0,"_bbp_total_topic_count":0,"_bbp_total_reply_count":0,"_bbp_voice_count":0,"_bbp_anonymous_reply_count":0,"_bbp_topic_count_hidden":0,"_bbp_reply_count_hidden":0,"_bbp_forum_subforum_count":0,"footnotes":"","_links_to":"","_links_to_target":""},"class_list":["post-159","page","type-page","status-publish","hentry"],"_links":{"self":[{"href":"http:\/\/jarpas.se\/index.php?rest_route=\/wp\/v2\/pages\/159","targetHints":{"allow":["GET"]}}],"collection":[{"href":"http:\/\/jarpas.se\/index.php?rest_route=\/wp\/v2\/pages"}],"about":[{"href":"http:\/\/jarpas.se\/index.php?rest_route=\/wp\/v2\/types\/page"}],"author":[{"embeddable":true,"href":"http:\/\/jarpas.se\/index.php?rest_route=\/wp\/v2\/users\/2"}],"replies":[{"embeddable":true,"href":"http:\/\/jarpas.se\/index.php?rest_route=%2Fwp%2Fv2%2Fcomments&post=159"}],"version-history":[{"count":3,"href":"http:\/\/jarpas.se\/index.php?rest_route=\/wp\/v2\/pages\/159\/revisions"}],"predecessor-version":[{"id":48224,"href":"http:\/\/jarpas.se\/index.php?rest_route=\/wp\/v2\/pages\/159\/revisions\/48224"}],"wp:attachment":[{"href":"http:\/\/jarpas.se\/index.php?rest_route=%2Fwp%2Fv2%2Fmedia&parent=159"}],"curies":[{"name":"wp","href":"https:\/\/api.w.org\/{rel}","templated":true}]}}